{"id":1082,"date":"2023-12-02T06:38:16","date_gmt":"2023-12-02T06:38:16","guid":{"rendered":"https:\/\/adipson-studio.com\/?page_id=1082"},"modified":"2024-08-16T07:40:42","modified_gmt":"2024-08-16T07:40:42","slug":"contact-2","status":"publish","type":"page","link":"https:\/\/adipson-studio.com\/index.php\/contact-2\/","title":{"rendered":"CONTACT VIDEOGAMING DEV"},"content":{"rendered":"<h2>All you need is the<strong> PressKit for the Magret &amp; Facedebouc<\/strong> point and click game to write a review\/critique on your video games information site, <u>but without needing Steam Key(s)<\/u> to test the game?<\/h2>\n<p><a href=\"https:\/\/adipson-studio.com\/wp-content\/uploads\/2024\/05\/PRESSKIT_MagretandFacedebouc.zip\" target=\"_blank\" rel=\"noopener\">Just click here to download (guaranteed virus-free) the KITPRESS ZIP!<\/a><\/p>\n<h2>Do you have a question? Do you have a suggestion? Need Keys for your Videogames Press Website ?<\/h2>\n<p>If you have a question about our games, about Adipson, a partnership proposal to submit or any other request, please simply fill in the form below.<br \/>\nWe usually respond <strong>within 24 hours.<\/strong><\/p>\n<p>Adipson is a very responsive <strong>solo developer<\/strong> on <a href=\"https:\/\/twitter.com\/AdipsonStudio\" target=\"_blank\" rel=\"noopener\"><strong>Twitter\/X<\/strong> who you can follow here<\/a>.<\/p>\n        <script type=\"text\/javascript\">\n         function cp_contactformtoemail_pform_doValidate_1(form)\n         {\n            document.cp_contactformtoemail_pform_1.cp_ref_page.value = document.location;\n            $dexQuery = jQuery.noConflict();            {\n                var cpefb_error = 0;\n                $dexQuery(\"#cp_contactformtoemail_pform_1\").find(\".cpefb_error\").each(function(index){\n                    if ($dexQuery(this).css(\"display\")!=\"none\")\n                        cpefb_error++;\n                    });\n                if (cpefb_error) return false;\n                if (document.cp_contactformtoemail_pform_1.cp_contactformtoemail_pform_status.value != '0')\n                           return false;\n                document.getElementById(\"refpage_1\").value = document.location;\n                cfte_blink(\".pbSubmit\");\n                document.cp_contactformtoemail_pform_1.cp_contactformtoemail_pform_status.value = '2';document.cp_contactformtoemail_pform_1.cp_contactformtoemail_pform_status.value = '1';\n                       $dexQuery.ajax({\n                         type: \"POST\",\n                         url: '',\n                         data: $dexQuery(\"#cp_contactformtoemail_pform_1\").serialize(),\n                         success: function(data)\n                         {\n                             document.cp_contactformtoemail_pform_1.cp_contactformtoemail_pform_status.value = '0';\n                                                              document.getElementById('cp_contactformtoemail_pform_1').innerHTML ='<a id=\"cftejump\"><\/a>Votre message a \u00e9t\u00e9 envoy\u00e9. Merci !';\n                                 var tag = $dexQuery(\"#cftejump\");\n                                 $dexQuery('html,body').animate({scrollTop: tag.offset().top-60},'fast');\n                                                        }\n                       });\n                       return false;\n                                }\n         }\n         function cfte_blink(selector){\n                 try {\n                     $dexQuery = jQuery.noConflict();\n                     $dexQuery(selector).fadeOut(700, function(){\n                         $dexQuery(this).fadeIn(700, function(){\n                             try {\n                                 if (document.cp_contactformtoemail_pform_1.cp_contactformtoemail_pform_status.value != '0')\n                                     cfte_blink(this);\n                             } catch (e) {}\n                         });\n                     });\n                 } catch (e) {}\n         }\n         function cp_contactformtoemail_cerror_1(){$dexQuery = jQuery.noConflict();$dexQuery(\"#hdcaptcha_error_1\").css('top',$dexQuery(\"#hdcaptcha_cp_contactformtoemail_post_1\").outerHeight());$dexQuery(\"#hdcaptcha_error_1\").css(\"display\",\"inline\");}\n        <\/script>\n        <div id=\"cftedialog\" style=\"display:none;\">Votre message a \u00e9t\u00e9 envoy\u00e9. Merci !<\/div>\n        <form class=\"cpp_form no-prefetch\" name=\"cp_contactformtoemail_pform_1\" id=\"cp_contactformtoemail_pform_1\" action=\"\/index.php\/contact-2\/?ahbnocache=344291\" method=\"post\" enctype=\"multipart\/form-data\" onsubmit=\"return cp_contactformtoemail_pform_doValidate_1(this);\"><input type=\"hidden\" name=\"cp_pform_psequence\" value=\"_1\" \/><input type=\"hidden\" name=\"cp_contactformtoemail_pform_process\" value=\"1\" \/><input type=\"hidden\" name=\"cp_contactformtoemail_id\" value=\"1\" \/><input type=\"hidden\" name=\"cp_ref_page\" value=\"\" \/><input type=\"hidden\" name=\"form_structure_1\" id=\"form_structure_1\" size=\"180\" value=\"[[{&quot;name&quot;:&quot;fieldname1&quot;,&quot;index&quot;:0,&quot;title&quot;:&quot;Votre Nom&quot;,&quot;shortlabel&quot;:&quot;&quot;,&quot;ftype&quot;:&quot;ftext&quot;,&quot;userhelp&quot;:&quot;&quot;,&quot;userhelpTooltip&quot;:&quot;&quot;,&quot;csslayout&quot;:&quot;&quot;,&quot;predefined&quot;:&quot;&quot;,&quot;predefinedClick&quot;:false,&quot;required&quot;:false,&quot;size&quot;:&quot;medium&quot;,&quot;minlength&quot;:&quot;&quot;,&quot;maxlength&quot;:&quot;&quot;,&quot;equalTo&quot;:&quot;&quot;},{&quot;name&quot;:&quot;fieldname2&quot;,&quot;index&quot;:1,&quot;title&quot;:&quot;Nom de votre entreprise ou site web&quot;,&quot;shortlabel&quot;:&quot;&quot;,&quot;ftype&quot;:&quot;ftext&quot;,&quot;userhelp&quot;:&quot;&quot;,&quot;userhelpTooltip&quot;:&quot;&quot;,&quot;csslayout&quot;:&quot;&quot;,&quot;predefined&quot;:&quot;&quot;,&quot;predefinedClick&quot;:false,&quot;required&quot;:false,&quot;size&quot;:&quot;medium&quot;,&quot;minlength&quot;:&quot;&quot;,&quot;maxlength&quot;:&quot;&quot;,&quot;equalTo&quot;:&quot;&quot;},{&quot;name&quot;:&quot;email&quot;,&quot;index&quot;:2,&quot;title&quot;:&quot;E-Mail&quot;,&quot;ftype&quot;:&quot;femail&quot;,&quot;userhelp&quot;:&quot;&quot;,&quot;csslayout&quot;:&quot;&quot;,&quot;required&quot;:true,&quot;predefined&quot;:&quot;&quot;,&quot;size&quot;:&quot;medium&quot;,&quot;shortlabel&quot;:&quot;&quot;,&quot;userhelpTooltip&quot;:&quot;&quot;,&quot;predefinedClick&quot;:false,&quot;equalTo&quot;:&quot;&quot;},{&quot;name&quot;:&quot;subject&quot;,&quot;index&quot;:3,&quot;title&quot;:&quot;Sujet de votre message&quot;,&quot;required&quot;:true,&quot;ftype&quot;:&quot;ftext&quot;,&quot;userhelp&quot;:&quot;&quot;,&quot;csslayout&quot;:&quot;&quot;,&quot;predefined&quot;:&quot;&quot;,&quot;size&quot;:&quot;medium&quot;,&quot;shortlabel&quot;:&quot;&quot;,&quot;userhelpTooltip&quot;:&quot;&quot;,&quot;predefinedClick&quot;:false,&quot;minlength&quot;:&quot;&quot;,&quot;maxlength&quot;:&quot;&quot;,&quot;equalTo&quot;:&quot;&quot;},{&quot;name&quot;:&quot;message&quot;,&quot;index&quot;:4,&quot;size&quot;:&quot;large&quot;,&quot;required&quot;:true,&quot;title&quot;:&quot;Message&quot;,&quot;ftype&quot;:&quot;ftextarea&quot;,&quot;userhelp&quot;:&quot;&quot;,&quot;csslayout&quot;:&quot;&quot;,&quot;predefined&quot;:&quot;&quot;,&quot;shortlabel&quot;:&quot;&quot;,&quot;userhelpTooltip&quot;:&quot;&quot;,&quot;predefinedClick&quot;:false,&quot;minlength&quot;:&quot;&quot;,&quot;maxlength&quot;:&quot;&quot;},{&quot;name&quot;:&quot;fieldname3&quot;,&quot;index&quot;:5,&quot;shortlabel&quot;:&quot;&quot;,&quot;ftype&quot;:&quot;facceptance&quot;,&quot;userhelp&quot;:&quot;&quot;,&quot;userhelpTooltip&quot;:&quot;&quot;,&quot;csslayout&quot;:&quot;&quot;,&quot;title&quot;:&quot;Accepter les termes et conditions&quot;,&quot;value&quot;:&quot;I accept&quot;,&quot;required&quot;:true,&quot;url&quot;:&quot;&quot;,&quot;message&quot;:&quot;&quot;}],[{&quot;title&quot;:&quot;&quot;,&quot;description&quot;:&quot;&quot;,&quot;formlayout&quot;:&quot;top_aligned&quot;}]]\" \/><input type=\"hidden\" name=\"refpage_1\" id=\"refpage_1\" value=\"\"><input type=\"hidden\" name=\"cp_contactformtoemail_pform_status\" value=\"0\" \/><input name=\"anonce\" type=\"hidden\" value=\"043b30e7e5\"\/><input name=\"cftehp\" id=\"cftehp_1\" type=\"hidden\" value=\"1\"\/>\r\n<div id=\"fbuilder\">    \r\n    <div id=\"fbuilder_1\">\r\n        <div id=\"formheader_1\"><\/div>\r\n        <div id=\"fieldlist_1\"><\/div>\r\n    <\/div>\r\n<\/div>    \r\n<div style=\"display:none\">\r\n<input name=\"cftecontrolmessage\" type=\"text\" value=\"\"\/> \r\n<div id=\"cpcaptchalayer_1\" class=\"cpcaptchalayer\">\r\n<\/div>\r\n<\/div>\r\n<div id=\"cp_subbtn_1\" class=\"cp_subbtn\">Submit<\/div>\r\n<\/form>\r\n<script>\r\ntry{document.getElementById(\"cftehp_1\").value=\"25\";}catch(e){}\r\n<\/script>\r\n\n","protected":false},"excerpt":{"rendered":"<p>All you need is the PressKit for the Magret &amp; Facedebouc point and click game to write a review\/critique on your video games information site, but without needing Steam Key(s) to test the game? Just click here to download (guaranteed virus-free) the KITPRESS ZIP! Do you have a question? Do you have a suggestion? Need [&hellip;]<\/p>\n","protected":false},"author":1,"featured_media":0,"parent":0,"menu_order":0,"comment_status":"closed","ping_status":"closed","template":"","meta":{"footnotes":""},"class_list":["post-1082","page","type-page","status-publish","hentry"],"yoast_head":"<!-- This site is optimized with the Yoast SEO plugin v27.3 - https:\/\/yoast.com\/product\/yoast-seo-wordpress\/ -->\n<title>CONTACT VIDEOGAMING DEV - Adipson WebAgency<\/title>\n<meta name=\"robots\" content=\"index, follow, max-snippet:-1, max-image-preview:large, max-video-preview:-1\" \/>\n<link rel=\"canonical\" href=\"https:\/\/adipson-studio.com\/index.php\/contact-2\/\" \/>\n<meta property=\"og:locale\" content=\"fr_FR\" \/>\n<meta property=\"og:type\" content=\"article\" \/>\n<meta property=\"og:title\" content=\"CONTACT VIDEOGAMING DEV - Adipson WebAgency\" \/>\n<meta property=\"og:description\" content=\"All you need is the PressKit for the Magret &amp; Facedebouc point and click game to write a review\/critique on your video games information site, but without needing Steam Key(s) to test the game? Just click here to download (guaranteed virus-free) the KITPRESS ZIP! Do you have a question? Do you have a suggestion? Need [&hellip;]\" \/>\n<meta property=\"og:url\" content=\"https:\/\/adipson-studio.com\/index.php\/contact-2\/\" \/>\n<meta property=\"og:site_name\" content=\"Adipson WebAgency\" \/>\n<meta property=\"article:modified_time\" content=\"2024-08-16T07:40:42+00:00\" \/>\n<meta name=\"twitter:card\" content=\"summary_large_image\" \/>\n<meta name=\"twitter:label1\" content=\"Dur\u00e9e de lecture estim\u00e9e\" \/>\n\t<meta name=\"twitter:data1\" content=\"1 minute\" \/>\n<script type=\"application\/ld+json\" class=\"yoast-schema-graph\">{\"@context\":\"https:\\\/\\\/schema.org\",\"@graph\":[{\"@type\":\"WebPage\",\"@id\":\"https:\\\/\\\/adipson-studio.com\\\/index.php\\\/contact-2\\\/\",\"url\":\"https:\\\/\\\/adipson-studio.com\\\/index.php\\\/contact-2\\\/\",\"name\":\"CONTACT VIDEOGAMING DEV - Adipson WebAgency\",\"isPartOf\":{\"@id\":\"https:\\\/\\\/adipson-studio.com\\\/#website\"},\"datePublished\":\"2023-12-02T06:38:16+00:00\",\"dateModified\":\"2024-08-16T07:40:42+00:00\",\"breadcrumb\":{\"@id\":\"https:\\\/\\\/adipson-studio.com\\\/index.php\\\/contact-2\\\/#breadcrumb\"},\"inLanguage\":\"fr-FR\",\"potentialAction\":[{\"@type\":\"ReadAction\",\"target\":[\"https:\\\/\\\/adipson-studio.com\\\/index.php\\\/contact-2\\\/\"]}]},{\"@type\":\"BreadcrumbList\",\"@id\":\"https:\\\/\\\/adipson-studio.com\\\/index.php\\\/contact-2\\\/#breadcrumb\",\"itemListElement\":[{\"@type\":\"ListItem\",\"position\":1,\"name\":\"Accueil\",\"item\":\"https:\\\/\\\/adipson-studio.com\\\/\"},{\"@type\":\"ListItem\",\"position\":2,\"name\":\"CONTACT VIDEOGAMING DEV\"}]},{\"@type\":\"WebSite\",\"@id\":\"https:\\\/\\\/adipson-studio.com\\\/#website\",\"url\":\"https:\\\/\\\/adipson-studio.com\\\/\",\"name\":\"Adipson WebAgency\",\"description\":\"Votre partenaire web depuis plus de 20 ans\",\"publisher\":{\"@id\":\"https:\\\/\\\/adipson-studio.com\\\/#organization\"},\"potentialAction\":[{\"@type\":\"SearchAction\",\"target\":{\"@type\":\"EntryPoint\",\"urlTemplate\":\"https:\\\/\\\/adipson-studio.com\\\/?s={search_term_string}\"},\"query-input\":{\"@type\":\"PropertyValueSpecification\",\"valueRequired\":true,\"valueName\":\"search_term_string\"}}],\"inLanguage\":\"fr-FR\"},{\"@type\":\"Organization\",\"@id\":\"https:\\\/\\\/adipson-studio.com\\\/#organization\",\"name\":\"Adipson WebAgency\",\"url\":\"https:\\\/\\\/adipson-studio.com\\\/\",\"logo\":{\"@type\":\"ImageObject\",\"inLanguage\":\"fr-FR\",\"@id\":\"https:\\\/\\\/adipson-studio.com\\\/#\\\/schema\\\/logo\\\/image\\\/\",\"url\":\"https:\\\/\\\/adipson-studio.com\\\/wp-content\\\/uploads\\\/2024\\\/08\\\/logosite.png\",\"contentUrl\":\"https:\\\/\\\/adipson-studio.com\\\/wp-content\\\/uploads\\\/2024\\\/08\\\/logosite.png\",\"width\":283,\"height\":40,\"caption\":\"Adipson WebAgency\"},\"image\":{\"@id\":\"https:\\\/\\\/adipson-studio.com\\\/#\\\/schema\\\/logo\\\/image\\\/\"}}]}<\/script>\n<!-- \/ Yoast SEO plugin. -->","yoast_head_json":{"title":"CONTACT VIDEOGAMING DEV - Adipson WebAgency","robots":{"index":"index","follow":"follow","max-snippet":"max-snippet:-1","max-image-preview":"max-image-preview:large","max-video-preview":"max-video-preview:-1"},"canonical":"https:\/\/adipson-studio.com\/index.php\/contact-2\/","og_locale":"fr_FR","og_type":"article","og_title":"CONTACT VIDEOGAMING DEV - Adipson WebAgency","og_description":"All you need is the PressKit for the Magret &amp; Facedebouc point and click game to write a review\/critique on your video games information site, but without needing Steam Key(s) to test the game? Just click here to download (guaranteed virus-free) the KITPRESS ZIP! Do you have a question? Do you have a suggestion? Need [&hellip;]","og_url":"https:\/\/adipson-studio.com\/index.php\/contact-2\/","og_site_name":"Adipson WebAgency","article_modified_time":"2024-08-16T07:40:42+00:00","twitter_card":"summary_large_image","twitter_misc":{"Dur\u00e9e de lecture estim\u00e9e":"1 minute"},"schema":{"@context":"https:\/\/schema.org","@graph":[{"@type":"WebPage","@id":"https:\/\/adipson-studio.com\/index.php\/contact-2\/","url":"https:\/\/adipson-studio.com\/index.php\/contact-2\/","name":"CONTACT VIDEOGAMING DEV - Adipson WebAgency","isPartOf":{"@id":"https:\/\/adipson-studio.com\/#website"},"datePublished":"2023-12-02T06:38:16+00:00","dateModified":"2024-08-16T07:40:42+00:00","breadcrumb":{"@id":"https:\/\/adipson-studio.com\/index.php\/contact-2\/#breadcrumb"},"inLanguage":"fr-FR","potentialAction":[{"@type":"ReadAction","target":["https:\/\/adipson-studio.com\/index.php\/contact-2\/"]}]},{"@type":"BreadcrumbList","@id":"https:\/\/adipson-studio.com\/index.php\/contact-2\/#breadcrumb","itemListElement":[{"@type":"ListItem","position":1,"name":"Accueil","item":"https:\/\/adipson-studio.com\/"},{"@type":"ListItem","position":2,"name":"CONTACT VIDEOGAMING DEV"}]},{"@type":"WebSite","@id":"https:\/\/adipson-studio.com\/#website","url":"https:\/\/adipson-studio.com\/","name":"Adipson WebAgency","description":"Votre partenaire web depuis plus de 20 ans","publisher":{"@id":"https:\/\/adipson-studio.com\/#organization"},"potentialAction":[{"@type":"SearchAction","target":{"@type":"EntryPoint","urlTemplate":"https:\/\/adipson-studio.com\/?s={search_term_string}"},"query-input":{"@type":"PropertyValueSpecification","valueRequired":true,"valueName":"search_term_string"}}],"inLanguage":"fr-FR"},{"@type":"Organization","@id":"https:\/\/adipson-studio.com\/#organization","name":"Adipson WebAgency","url":"https:\/\/adipson-studio.com\/","logo":{"@type":"ImageObject","inLanguage":"fr-FR","@id":"https:\/\/adipson-studio.com\/#\/schema\/logo\/image\/","url":"https:\/\/adipson-studio.com\/wp-content\/uploads\/2024\/08\/logosite.png","contentUrl":"https:\/\/adipson-studio.com\/wp-content\/uploads\/2024\/08\/logosite.png","width":283,"height":40,"caption":"Adipson WebAgency"},"image":{"@id":"https:\/\/adipson-studio.com\/#\/schema\/logo\/image\/"}}]}},"_links":{"self":[{"href":"https:\/\/adipson-studio.com\/index.php\/wp-json\/wp\/v2\/pages\/1082","targetHints":{"allow":["GET"]}}],"collection":[{"href":"https:\/\/adipson-studio.com\/index.php\/wp-json\/wp\/v2\/pages"}],"about":[{"href":"https:\/\/adipson-studio.com\/index.php\/wp-json\/wp\/v2\/types\/page"}],"author":[{"embeddable":true,"href":"https:\/\/adipson-studio.com\/index.php\/wp-json\/wp\/v2\/users\/1"}],"replies":[{"embeddable":true,"href":"https:\/\/adipson-studio.com\/index.php\/wp-json\/wp\/v2\/comments?post=1082"}],"version-history":[{"count":9,"href":"https:\/\/adipson-studio.com\/index.php\/wp-json\/wp\/v2\/pages\/1082\/revisions"}],"predecessor-version":[{"id":1489,"href":"https:\/\/adipson-studio.com\/index.php\/wp-json\/wp\/v2\/pages\/1082\/revisions\/1489"}],"wp:attachment":[{"href":"https:\/\/adipson-studio.com\/index.php\/wp-json\/wp\/v2\/media?parent=1082"}],"curies":[{"name":"wp","href":"https:\/\/api.w.org\/{rel}","templated":true}]}}