{"id":3,"date":"2021-08-04T16:33:28","date_gmt":"2021-08-04T16:33:28","guid":{"rendered":"https:\/\/adipson-studio.com\/?page_id=3"},"modified":"2024-08-16T07:48:17","modified_gmt":"2024-08-16T07:48:17","slug":"privacy-policy","status":"publish","type":"page","link":"https:\/\/adipson-studio.com\/index.php\/privacy-policy\/","title":{"rendered":"Informations l\u00e9gales"},"content":{"rendered":"<h3>Qui sommes-nous ?<\/h3>\r\n<p>L&rsquo;adresse de notre site Web est : <a href=\"https:\/\/adipson-studio.com\">https:\/\/adipson-studio.com<\/a>.<br \/>Ce site est \u00e9galement disponible sous redirection du nom de domaine adipson.com<br \/>Adipson Studio est un site de l&rsquo;entreprise Adipson.<br \/>Date de cr\u00e9ation de l&rsquo;entreprise Adipson : 01 juin 2002. <br \/><a href=\"https:\/\/www.societe.com\/societe\/adipson-441981669.html\" target=\"_blank\" rel=\"noopener\">Fiche officielle sur societe.com<\/a><\/p>\r\n<p><strong>Adipson<\/strong><br \/>Si\u00e8ge social :<br \/><span class=\"ILfuVd\"><span class=\"hgKElc\">196 RUE NICEPHORE NIEPCE<br \/><\/span><\/span><span class=\"ILfuVd\"><span class=\"hgKElc\"> 83400 HYERES<br \/>FRANCE<\/span><\/span><\/p>\r\n<p><span class=\"ILfuVd\"><span class=\"hgKElc\"><strong>Adipson<\/strong> est immatricul\u00e9e au Registre du Commerce et des Soci\u00e9t\u00e9s de Toulon sous le num\u00e9ro 441981669.<br \/>Le responsable de cette entreprise (Auto-entreprise) est <strong>Mr Serrado Romuald<\/strong>.<\/span><\/span><br \/><br \/><\/p>\r\n<h3>Commentaires<\/h3>\r\n<p>Lorsque les visiteurs laissent des commentaires sur le site, nous collectons les donn\u00e9es affich\u00e9es dans le formulaire de commentaires, ainsi que l&rsquo;adresse IP du visiteur et la cha\u00eene de l&rsquo;agent utilisateur du navigateur pour faciliter la d\u00e9tection du spam.<\/p>\r\n<p>Une cha\u00eene anonymis\u00e9e cr\u00e9\u00e9e \u00e0 partir de votre adresse e-mail (\u00e9galement appel\u00e9e hachage) peut \u00eatre fournie au service Gravatar pour voir si vous l&rsquo;utilisez. <br \/>La politique de confidentialit\u00e9 du service Gravatar est disponible ici : <a href=\"https:\/\/automattic.com\/privacy\/\">https:\/\/automattic.com\/privacy\/<\/a>. <br \/>Apr\u00e8s validation de votre commentaire, votre photo de profil est visible publiquement \u00e0 cot\u00e9 de votre commentaire.<\/p>\r\n<h3>M\u00e9dias<\/h3>\r\n<p>Si vous t\u00e9l\u00e9chargez des images sur le site Web, vous devez \u00e9viter de t\u00e9l\u00e9charger des images avec des donn\u00e9es de localisation int\u00e9gr\u00e9es (EXIF GPS) incluses. <br \/>Les visiteurs du site Web peuvent t\u00e9l\u00e9charger et extraire toutes les donn\u00e9es de localisation des images sur le site Web.<\/p>\r\n<h3>Cookies<\/h3>\r\n<p>Si vous laissez un commentaire sur notre site, vous pouvez choisir d&rsquo;enregistrer votre nom, votre adresse e-mail et votre site Web dans les cookies. <br \/>Ceux-ci sont pour votre commodit\u00e9 afin que vous n&rsquo;ayez pas \u00e0 ressaisir vos coordonn\u00e9es lorsque vous laissez un autre commentaire. <br \/>Ces cookies dureront un an.<\/p>\r\n<p>Si vous visitez notre page de connexion, nous d\u00e9finirons un cookie temporaire pour d\u00e9terminer si votre navigateur accepte les cookies. <br \/>Ce cookie ne contient aucune donn\u00e9e personnelle et est supprim\u00e9 lorsque vous fermez votre navigateur.<\/p>\r\n<p>Lors de votre connexion, nous mettrons \u00e9galement en place plusieurs cookies pour enregistrer vos informations de connexion et vos choix d&rsquo;affichage \u00e0 l&rsquo;\u00e9cran. <br \/>Les cookies de connexion durent deux jours et les cookies d&rsquo;options d&rsquo;\u00e9cran durent un an. <br \/>Si vous s\u00e9lectionnez \u00ab\u00a0Se souvenir de moi\u00a0\u00bb, votre connexion persistera pendant deux semaines. Si vous vous d\u00e9connectez de votre compte, les cookies de connexion seront supprim\u00e9s.<\/p>\r\n<p>Si vous modifiez ou publiez un article, un cookie suppl\u00e9mentaire sera enregistr\u00e9 dans votre navigateur.<br \/>Ce cookie ne contient aucune donn\u00e9e personnelle et indique simplement l&rsquo;ID de publication de l&rsquo;article que vous venez de modifier. Il expire apr\u00e8s 1 jour.<\/p>\r\n<h3>Contenu int\u00e9gr\u00e9 provenant d&rsquo;autres sites Web<\/h3>\r\n<p>Les articles de ce site peuvent inclure du contenu int\u00e9gr\u00e9 (par exemple des vid\u00e9os, des images, des articles, etc.). <br \/>Le contenu int\u00e9gr\u00e9 d&rsquo;autres sites Web se comporte exactement de la m\u00eame mani\u00e8re que si le visiteur avait visit\u00e9 l&rsquo;autre site Web.<\/p>\r\n<p>Ces sites Web peuvent collecter des donn\u00e9es vous concernant, utiliser des cookies, int\u00e9grer un suivi tiers suppl\u00e9mentaire et surveiller votre interaction avec ce contenu int\u00e9gr\u00e9, y compris le suivi de votre interaction avec le contenu int\u00e9gr\u00e9 si vous avez un compte et \u00eates connect\u00e9 \u00e0 ce site Web.<\/p>\r\n<h3>Avec qui partageons-nous vos donn\u00e9es<\/h3>\r\n<p>\u00a0Si vous demandez une r\u00e9initialisation de mot de passe, votre adresse IP sera incluse dans l&rsquo;e-mail de r\u00e9initialisation.<\/p>\r\n<h3>Combien de temps conservons-nous vos donn\u00e9es<\/h3>\r\n<p>Si vous laissez un commentaire, le commentaire et ses m\u00e9tadonn\u00e9es sont conserv\u00e9s ind\u00e9finiment. <br \/>C&rsquo;est ainsi que nous pouvons reconna\u00eetre et approuver automatiquement tous les commentaires de suivi au lieu de les maintenir dans une file d&rsquo;attente de mod\u00e9ration.<\/p>\r\n<p>Pour les utilisateurs qui s&rsquo;inscrivent sur notre site Web (le cas \u00e9ch\u00e9ant), nous stockons \u00e9galement les informations personnelles qu&rsquo;ils fournissent dans leur profil d&rsquo;utilisateur. <br \/>Tous les utilisateurs peuvent voir, modifier ou supprimer leurs informations personnelles \u00e0 tout moment (sauf qu&rsquo;ils ne peuvent pas changer leur nom d&rsquo;utilisateur). Les administrateurs de site Web peuvent \u00e9galement voir et modifier ces informations.<\/p>\r\n<h3>Quels droits vous avez sur vos donn\u00e9es<\/h3>\r\n<p>Si vous avez un compte sur ce site, ou avez laiss\u00e9 des commentaires, vous pouvez demander \u00e0 recevoir un fichier export\u00e9 des donn\u00e9es personnelles que nous d\u00e9tenons \u00e0 votre sujet, y compris toutes les donn\u00e9es que vous nous avez fournies. Vous pouvez \u00e9galement demander que nous supprimions toutes les donn\u00e9es personnelles que nous d\u00e9tenons \u00e0 votre sujet. <br \/>Cela n&rsquo;inclut pas les donn\u00e9es que nous sommes oblig\u00e9s de conserver \u00e0 des fins administratives, juridiques ou de s\u00e9curit\u00e9.<\/p>\r\n<p>Les commentaires des visiteurs peuvent \u00eatre v\u00e9rifi\u00e9s via un service automatis\u00e9 de d\u00e9tection de spam.<\/p>\r\n","protected":false},"excerpt":{"rendered":"<p>Qui sommes-nous ? L&rsquo;adresse de notre site Web est : https:\/\/adipson-studio.com.Ce site est \u00e9galement disponible sous redirection du nom de domaine adipson.comAdipson Studio est un site de l&rsquo;entreprise Adipson.Date de cr\u00e9ation de l&rsquo;entreprise Adipson : 01 juin 2002. Fiche officielle sur societe.com AdipsonSi\u00e8ge social :196 RUE NICEPHORE NIEPCE 83400 HYERESFRANCE Adipson est immatricul\u00e9e au Registre [&hellip;]<\/p>\n","protected":false},"author":1,"featured_media":603,"parent":0,"menu_order":0,"comment_status":"closed","ping_status":"closed","template":"","meta":{"footnotes":""},"class_list":["post-3","page","type-page","status-publish","has-post-thumbnail","hentry"],"yoast_head":"<!-- This site is optimized with the Yoast SEO plugin v27.4 - https:\/\/yoast.com\/product\/yoast-seo-wordpress\/ -->\n<title>Informations l\u00e9gales - Adipson WebAgency<\/title>\n<meta name=\"robots\" content=\"index, follow, max-snippet:-1, max-image-preview:large, max-video-preview:-1\" \/>\n<link rel=\"canonical\" href=\"https:\/\/adipson-studio.com\/index.php\/privacy-policy\/\" \/>\n<meta property=\"og:locale\" content=\"fr_FR\" \/>\n<meta property=\"og:type\" content=\"article\" \/>\n<meta property=\"og:title\" content=\"Informations l\u00e9gales - Adipson WebAgency\" \/>\n<meta property=\"og:description\" content=\"Qui sommes-nous ? L&rsquo;adresse de notre site Web est : https:\/\/adipson-studio.com.Ce site est \u00e9galement disponible sous redirection du nom de domaine adipson.comAdipson Studio est un site de l&rsquo;entreprise Adipson.Date de cr\u00e9ation de l&rsquo;entreprise Adipson : 01 juin 2002. Fiche officielle sur societe.com AdipsonSi\u00e8ge social :196 RUE NICEPHORE NIEPCE 83400 HYERESFRANCE Adipson est immatricul\u00e9e au Registre [&hellip;]\" \/>\n<meta property=\"og:url\" content=\"https:\/\/adipson-studio.com\/index.php\/privacy-policy\/\" \/>\n<meta property=\"og:site_name\" content=\"Adipson WebAgency\" \/>\n<meta property=\"article:modified_time\" content=\"2024-08-16T07:48:17+00:00\" \/>\n<meta property=\"og:image\" content=\"https:\/\/adipson-studio.com\/wp-content\/uploads\/2023\/08\/illustration_contrat.jpg\" \/>\n\t<meta property=\"og:image:width\" content=\"1017\" \/>\n\t<meta property=\"og:image:height\" content=\"571\" \/>\n\t<meta property=\"og:image:type\" content=\"image\/jpeg\" \/>\n<meta name=\"twitter:card\" content=\"summary_large_image\" \/>\n<meta name=\"twitter:label1\" content=\"Dur\u00e9e de lecture estim\u00e9e\" \/>\n\t<meta name=\"twitter:data1\" content=\"4 minutes\" \/>\n<script type=\"application\/ld+json\" class=\"yoast-schema-graph\">{\"@context\":\"https:\\\/\\\/schema.org\",\"@graph\":[{\"@type\":\"WebPage\",\"@id\":\"https:\\\/\\\/adipson-studio.com\\\/index.php\\\/privacy-policy\\\/\",\"url\":\"https:\\\/\\\/adipson-studio.com\\\/index.php\\\/privacy-policy\\\/\",\"name\":\"Informations l\u00e9gales - Adipson WebAgency\",\"isPartOf\":{\"@id\":\"https:\\\/\\\/adipson-studio.com\\\/#website\"},\"primaryImageOfPage\":{\"@id\":\"https:\\\/\\\/adipson-studio.com\\\/index.php\\\/privacy-policy\\\/#primaryimage\"},\"image\":{\"@id\":\"https:\\\/\\\/adipson-studio.com\\\/index.php\\\/privacy-policy\\\/#primaryimage\"},\"thumbnailUrl\":\"https:\\\/\\\/adipson-studio.com\\\/wp-content\\\/uploads\\\/2023\\\/08\\\/illustration_contrat.jpg\",\"datePublished\":\"2021-08-04T16:33:28+00:00\",\"dateModified\":\"2024-08-16T07:48:17+00:00\",\"breadcrumb\":{\"@id\":\"https:\\\/\\\/adipson-studio.com\\\/index.php\\\/privacy-policy\\\/#breadcrumb\"},\"inLanguage\":\"fr-FR\",\"potentialAction\":[{\"@type\":\"ReadAction\",\"target\":[\"https:\\\/\\\/adipson-studio.com\\\/index.php\\\/privacy-policy\\\/\"]}]},{\"@type\":\"ImageObject\",\"inLanguage\":\"fr-FR\",\"@id\":\"https:\\\/\\\/adipson-studio.com\\\/index.php\\\/privacy-policy\\\/#primaryimage\",\"url\":\"https:\\\/\\\/adipson-studio.com\\\/wp-content\\\/uploads\\\/2023\\\/08\\\/illustration_contrat.jpg\",\"contentUrl\":\"https:\\\/\\\/adipson-studio.com\\\/wp-content\\\/uploads\\\/2023\\\/08\\\/illustration_contrat.jpg\",\"width\":1017,\"height\":571},{\"@type\":\"BreadcrumbList\",\"@id\":\"https:\\\/\\\/adipson-studio.com\\\/index.php\\\/privacy-policy\\\/#breadcrumb\",\"itemListElement\":[{\"@type\":\"ListItem\",\"position\":1,\"name\":\"Accueil\",\"item\":\"https:\\\/\\\/adipson-studio.com\\\/\"},{\"@type\":\"ListItem\",\"position\":2,\"name\":\"Informations l\u00e9gales\"}]},{\"@type\":\"WebSite\",\"@id\":\"https:\\\/\\\/adipson-studio.com\\\/#website\",\"url\":\"https:\\\/\\\/adipson-studio.com\\\/\",\"name\":\"Adipson WebAgency\",\"description\":\"Votre partenaire web depuis plus de 20 ans\",\"publisher\":{\"@id\":\"https:\\\/\\\/adipson-studio.com\\\/#organization\"},\"potentialAction\":[{\"@type\":\"SearchAction\",\"target\":{\"@type\":\"EntryPoint\",\"urlTemplate\":\"https:\\\/\\\/adipson-studio.com\\\/?s={search_term_string}\"},\"query-input\":{\"@type\":\"PropertyValueSpecification\",\"valueRequired\":true,\"valueName\":\"search_term_string\"}}],\"inLanguage\":\"fr-FR\"},{\"@type\":\"Organization\",\"@id\":\"https:\\\/\\\/adipson-studio.com\\\/#organization\",\"name\":\"Adipson WebAgency\",\"url\":\"https:\\\/\\\/adipson-studio.com\\\/\",\"logo\":{\"@type\":\"ImageObject\",\"inLanguage\":\"fr-FR\",\"@id\":\"https:\\\/\\\/adipson-studio.com\\\/#\\\/schema\\\/logo\\\/image\\\/\",\"url\":\"https:\\\/\\\/adipson-studio.com\\\/wp-content\\\/uploads\\\/2024\\\/08\\\/logosite.png\",\"contentUrl\":\"https:\\\/\\\/adipson-studio.com\\\/wp-content\\\/uploads\\\/2024\\\/08\\\/logosite.png\",\"width\":283,\"height\":40,\"caption\":\"Adipson WebAgency\"},\"image\":{\"@id\":\"https:\\\/\\\/adipson-studio.com\\\/#\\\/schema\\\/logo\\\/image\\\/\"}}]}<\/script>\n<!-- \/ Yoast SEO plugin. -->","yoast_head_json":{"title":"Informations l\u00e9gales - Adipson WebAgency","robots":{"index":"index","follow":"follow","max-snippet":"max-snippet:-1","max-image-preview":"max-image-preview:large","max-video-preview":"max-video-preview:-1"},"canonical":"https:\/\/adipson-studio.com\/index.php\/privacy-policy\/","og_locale":"fr_FR","og_type":"article","og_title":"Informations l\u00e9gales - Adipson WebAgency","og_description":"Qui sommes-nous ? L&rsquo;adresse de notre site Web est : https:\/\/adipson-studio.com.Ce site est \u00e9galement disponible sous redirection du nom de domaine adipson.comAdipson Studio est un site de l&rsquo;entreprise Adipson.Date de cr\u00e9ation de l&rsquo;entreprise Adipson : 01 juin 2002. Fiche officielle sur societe.com AdipsonSi\u00e8ge social :196 RUE NICEPHORE NIEPCE 83400 HYERESFRANCE Adipson est immatricul\u00e9e au Registre [&hellip;]","og_url":"https:\/\/adipson-studio.com\/index.php\/privacy-policy\/","og_site_name":"Adipson WebAgency","article_modified_time":"2024-08-16T07:48:17+00:00","og_image":[{"width":1017,"height":571,"url":"https:\/\/adipson-studio.com\/wp-content\/uploads\/2023\/08\/illustration_contrat.jpg","type":"image\/jpeg"}],"twitter_card":"summary_large_image","twitter_misc":{"Dur\u00e9e de lecture estim\u00e9e":"4 minutes"},"schema":{"@context":"https:\/\/schema.org","@graph":[{"@type":"WebPage","@id":"https:\/\/adipson-studio.com\/index.php\/privacy-policy\/","url":"https:\/\/adipson-studio.com\/index.php\/privacy-policy\/","name":"Informations l\u00e9gales - Adipson WebAgency","isPartOf":{"@id":"https:\/\/adipson-studio.com\/#website"},"primaryImageOfPage":{"@id":"https:\/\/adipson-studio.com\/index.php\/privacy-policy\/#primaryimage"},"image":{"@id":"https:\/\/adipson-studio.com\/index.php\/privacy-policy\/#primaryimage"},"thumbnailUrl":"https:\/\/adipson-studio.com\/wp-content\/uploads\/2023\/08\/illustration_contrat.jpg","datePublished":"2021-08-04T16:33:28+00:00","dateModified":"2024-08-16T07:48:17+00:00","breadcrumb":{"@id":"https:\/\/adipson-studio.com\/index.php\/privacy-policy\/#breadcrumb"},"inLanguage":"fr-FR","potentialAction":[{"@type":"ReadAction","target":["https:\/\/adipson-studio.com\/index.php\/privacy-policy\/"]}]},{"@type":"ImageObject","inLanguage":"fr-FR","@id":"https:\/\/adipson-studio.com\/index.php\/privacy-policy\/#primaryimage","url":"https:\/\/adipson-studio.com\/wp-content\/uploads\/2023\/08\/illustration_contrat.jpg","contentUrl":"https:\/\/adipson-studio.com\/wp-content\/uploads\/2023\/08\/illustration_contrat.jpg","width":1017,"height":571},{"@type":"BreadcrumbList","@id":"https:\/\/adipson-studio.com\/index.php\/privacy-policy\/#breadcrumb","itemListElement":[{"@type":"ListItem","position":1,"name":"Accueil","item":"https:\/\/adipson-studio.com\/"},{"@type":"ListItem","position":2,"name":"Informations l\u00e9gales"}]},{"@type":"WebSite","@id":"https:\/\/adipson-studio.com\/#website","url":"https:\/\/adipson-studio.com\/","name":"Adipson WebAgency","description":"Votre partenaire web depuis plus de 20 ans","publisher":{"@id":"https:\/\/adipson-studio.com\/#organization"},"potentialAction":[{"@type":"SearchAction","target":{"@type":"EntryPoint","urlTemplate":"https:\/\/adipson-studio.com\/?s={search_term_string}"},"query-input":{"@type":"PropertyValueSpecification","valueRequired":true,"valueName":"search_term_string"}}],"inLanguage":"fr-FR"},{"@type":"Organization","@id":"https:\/\/adipson-studio.com\/#organization","name":"Adipson WebAgency","url":"https:\/\/adipson-studio.com\/","logo":{"@type":"ImageObject","inLanguage":"fr-FR","@id":"https:\/\/adipson-studio.com\/#\/schema\/logo\/image\/","url":"https:\/\/adipson-studio.com\/wp-content\/uploads\/2024\/08\/logosite.png","contentUrl":"https:\/\/adipson-studio.com\/wp-content\/uploads\/2024\/08\/logosite.png","width":283,"height":40,"caption":"Adipson WebAgency"},"image":{"@id":"https:\/\/adipson-studio.com\/#\/schema\/logo\/image\/"}}]}},"_links":{"self":[{"href":"https:\/\/adipson-studio.com\/index.php\/wp-json\/wp\/v2\/pages\/3","targetHints":{"allow":["GET"]}}],"collection":[{"href":"https:\/\/adipson-studio.com\/index.php\/wp-json\/wp\/v2\/pages"}],"about":[{"href":"https:\/\/adipson-studio.com\/index.php\/wp-json\/wp\/v2\/types\/page"}],"author":[{"embeddable":true,"href":"https:\/\/adipson-studio.com\/index.php\/wp-json\/wp\/v2\/users\/1"}],"replies":[{"embeddable":true,"href":"https:\/\/adipson-studio.com\/index.php\/wp-json\/wp\/v2\/comments?post=3"}],"version-history":[{"count":5,"href":"https:\/\/adipson-studio.com\/index.php\/wp-json\/wp\/v2\/pages\/3\/revisions"}],"predecessor-version":[{"id":589,"href":"https:\/\/adipson-studio.com\/index.php\/wp-json\/wp\/v2\/pages\/3\/revisions\/589"}],"wp:featuredmedia":[{"embeddable":true,"href":"https:\/\/adipson-studio.com\/index.php\/wp-json\/wp\/v2\/media\/603"}],"wp:attachment":[{"href":"https:\/\/adipson-studio.com\/index.php\/wp-json\/wp\/v2\/media?parent=3"}],"curies":[{"name":"wp","href":"https:\/\/api.w.org\/{rel}","templated":true}]}}